{"id":4446,"date":"2019-08-08T00:52:06","date_gmt":"2019-08-08T00:52:06","guid":{"rendered":"https:\/\/quadrant.pl\/?page_id=4446"},"modified":"2019-08-08T00:54:44","modified_gmt":"2019-08-08T00:54:44","slug":"rodo","status":"publish","type":"page","link":"https:\/\/quadrant.pl\/pl\/rodo\/","title":{"rendered":"RODO"},"content":{"rendered":"<div data-elementor-type=\"wp-post\" data-elementor-id=\"4446\" class=\"elementor elementor-4446\">\n\t\t\t\t\t\t<div class=\"elementor-inner\">\n\t\t\t\t<div class=\"elementor-section-wrap\">\n\t\t\t\t\t\t\t\t\t<section class=\"elementor-section elementor-top-section elementor-element elementor-element-5f6f9e48 opal-box-clip elementor-section-boxed elementor-section-height-default elementor-section-height-default\" data-id=\"5f6f9e48\" data-element_type=\"section\" data-settings=\"{&quot;background_background&quot;:&quot;classic&quot;}\">\n\t\t\t\t\t\t<div class=\"elementor-container elementor-column-gap-no\">\n\t\t\t\t\t\t\t<div class=\"elementor-row\">\n\t\t\t\t\t<div class=\"elementor-column elementor-col-100 elementor-top-column elementor-element elementor-element-677f9fb4\" data-id=\"677f9fb4\" data-element_type=\"column\">\n\t\t\t<div class=\"elementor-column-wrap elementor-element-populated\">\n\t\t\t\t\t\t\t<div class=\"elementor-widget-wrap\">\n\t\t\t\t\t\t<div class=\"elementor-element elementor-element-2ee6f2d7 animated-fast elementor-invisible elementor-widget elementor-widget-heading\" data-id=\"2ee6f2d7\" data-element_type=\"widget\" data-settings=\"{&quot;_animation&quot;:&quot;opal-move-up&quot;}\" data-widget_type=\"heading.default\">\n\t\t\t\t<div class=\"elementor-widget-container\">\n\t\t\t<span class=\"sub-title\">RODO<\/span><h2 class=\"elementor-heading-title elementor-size-default\">Przepisy RODO<\/h2>\t\t<\/div>\n\t\t\t\t<\/div>\n\t\t\t\t<div class=\"elementor-element elementor-element-8b127fc elementor-widget elementor-widget-text-editor\" data-id=\"8b127fc\" data-element_type=\"widget\" data-widget_type=\"text-editor.default\">\n\t\t\t\t<div class=\"elementor-widget-container\">\n\t\t\t        <div class=\"elementor-text-editor elementor-clearfix\"><p>Zgodnie z art. 13 ust. 1 i ust. 2 rozporz\u0105dzenia Parlamentu Europejskiego i Rady (UE) 2016\/679 z 27 kwietnia 2016 r. w sprawie ochrony os\u00f3b fizycznych w zwi\u0105zku z przetwarzaniem danych osobowych i w sprawie swobodnego przep\u0142ywu takich danych<\/p><p>oraz uchylenia dyrektywy 95\/46\/WE (Dz. Urz. UE. L. 2016.119.1), dalej RODO, informuj\u0119, \u017ce:<\/p><p>1) administratorem Pani\/Pana danych osobowych jest Quadrant Marine Sp. z o.o.<\/p><p>z siedzib\u0105: ul. Helska 14, 81-056 Gdynia<\/p><p>2) Pani\/Pana dane osobowe b\u0119d\u0105 przetwarzane w celu realizacji praw i obowi\u0105zk\u00f3w<\/p><p>wynikaj\u0105cych z umowy zlecenia, ze stosunku pracy, na podstawie art. 6 ust. 1 pkt c RODO,<\/p><p>3) Pani\/Pana dane osobowe b\u0119d\u0105 przechowywane przez okres trwania stosunku<\/p><p>pracy oraz w obowi\u0105zkowym okresie przechowywania dokumentacji zwi\u0105zanej z umow\u0105 zleceniem, ze<\/p><p>stosunkiem pracy i akt osobowych, ustalanym zgodnie z odr\u0119bnymi przepisami.<\/p><p>4) przys\u0142uguje Pani\/Panu prawo dost\u0119pu do tre\u015bci swoich danych oraz prawo ich sprostowania, usuni\u0119cia, ograniczenia przetwarzania, a tak\u017ce prawo do przenoszenia<\/p><p>danych, prawo wniesienia sprzeciwu, prawo do cofni\u0119cia zgody w dowolnym momencie<\/p><p>bez wp\u0142ywu na zgodno\u015b\u0107 z prawem przetwarzania, kt\u00f3rego dokonano na<\/p><p>podstawie zgody przed jej cofni\u0119ciem,<\/p><p>6) ma Pani\/Pan prawo wniesienia skargi do organu nadzorczego w zakresie ochrony<\/p><p>danych osobowych (obecnie: Generalny Inspektor Ochrony Danych Osobowych),<\/p><p>je\u015bli stwierdzi Pani\/Pan, \u017ce przetwarzanie danych osobowych dotycz\u0105cych Pani\/<\/p><p>Pana narusza przepisy RODO,<\/p><p>7) podanie przez Pana\/Pani\u0105 danych osobowych jest wymogiem ustawowym. Ich<\/p><p>nieprzekazanie spowoduje niemo\u017cno\u015b\u0107 realizacji zawartej umowy zlecenia, umowyo prac\u0119 i zwi\u0105zanych<\/p><p>z ni\u0105 obowi\u0105zk\u00f3w podatkowo-sk\u0142adkowych.<\/p><p>8) Przetwarzane dane:<\/p><p>Imi\u0119 i nazwisko<\/p><p>Data urodzenia<\/p><p>Dane kontaktowe, adres, Tel<\/p><p>Wykszta\u0142cenie<\/p><p>Kwalifikacje zawodowe<\/p><p>Przebieg dotychczasowego zatrudnienia<\/p><\/div>\n        \t\t<\/div>\n\t\t\t\t<\/div>\n\t\t\t\t\t\t<\/div>\n\t\t\t\t\t<\/div>\n\t\t<\/div>\n\t\t\t\t\t\t\t\t<\/div>\n\t\t\t\t\t<\/div>\n\t\t<\/section>\n\t\t\t\t<section class=\"elementor-section elementor-top-section elementor-element elementor-element-ca7a525 elementor-section-boxed elementor-section-height-default elementor-section-height-default\" data-id=\"ca7a525\" data-element_type=\"section\">\n\t\t\t\t\t\t<div class=\"elementor-container elementor-column-gap-default\">\n\t\t\t\t\t\t\t<div class=\"elementor-row\">\n\t\t\t\t\t<div class=\"elementor-column elementor-col-100 elementor-top-column elementor-element elementor-element-f266daa\" data-id=\"f266daa\" data-element_type=\"column\">\n\t\t\t<div class=\"elementor-column-wrap elementor-element-populated\">\n\t\t\t\t\t\t\t<div class=\"elementor-widget-wrap\">\n\t\t\t\t\t\t<div class=\"elementor-element elementor-element-6ce668a elementor-widget elementor-widget-spacer\" data-id=\"6ce668a\" data-element_type=\"widget\" data-widget_type=\"spacer.default\">\n\t\t\t\t<div class=\"elementor-widget-container\">\n\t\t\t        <div class=\"elementor-spacer\">\n            <div class=\"elementor-spacer-inner\"><\/div>\n        <\/div>\n\t\t\t\t<\/div>\n\t\t\t\t<\/div>\n\t\t\t\t\t\t<\/div>\n\t\t\t\t\t<\/div>\n\t\t<\/div>\n\t\t\t\t\t\t\t\t<\/div>\n\t\t\t\t\t<\/div>\n\t\t<\/section>\n\t\t\t\t\t\t\t\t\t<\/div>\n\t\t\t<\/div>\n\t\t\t\t\t<\/div>","protected":false},"excerpt":{"rendered":"<p>RODO Przepisy RODO Zgodnie z art. 13 ust. 1 i ust. 2 rozporz\u0105dzenia Parlamentu Europejskiego i Rady (UE) 2016\/679 z 27 kwietnia 2016 r. w sprawie ochrony os\u00f3b fizycznych w zwi\u0105zku z przetwarzaniem danych osobowych i w sprawie swobodnego przep\u0142ywu takich danych oraz uchylenia dyrektywy 95\/46\/WE (Dz. Urz. UE. L. 2016.119.1), dalej RODO, informuj\u0119, \u017ce: &hellip; <\/p>\n<p class=\"link-more\"><a href=\"https:\/\/quadrant.pl\/pl\/rodo\/\" class=\"more-link\">Read More <i class=\"opal-icon-long-arrow-right\"><\/i><span class=\"screen-reader-text\"> &#8220;RODO&#8221;<\/span><\/a><\/p>","protected":false},"author":1,"featured_media":0,"parent":0,"menu_order":0,"comment_status":"closed","ping_status":"closed","template":"page-elementor.php","meta":{"inline_featured_image":false},"_links":{"self":[{"href":"https:\/\/quadrant.pl\/pl\/wp-json\/wp\/v2\/pages\/4446"}],"collection":[{"href":"https:\/\/quadrant.pl\/pl\/wp-json\/wp\/v2\/pages"}],"about":[{"href":"https:\/\/quadrant.pl\/pl\/wp-json\/wp\/v2\/types\/page"}],"author":[{"embeddable":true,"href":"https:\/\/quadrant.pl\/pl\/wp-json\/wp\/v2\/users\/1"}],"replies":[{"embeddable":true,"href":"https:\/\/quadrant.pl\/pl\/wp-json\/wp\/v2\/comments?post=4446"}],"version-history":[{"count":2,"href":"https:\/\/quadrant.pl\/pl\/wp-json\/wp\/v2\/pages\/4446\/revisions"}],"predecessor-version":[{"id":4448,"href":"https:\/\/quadrant.pl\/pl\/wp-json\/wp\/v2\/pages\/4446\/revisions\/4448"}],"wp:attachment":[{"href":"https:\/\/quadrant.pl\/pl\/wp-json\/wp\/v2\/media?parent=4446"}],"curies":[{"name":"wp","href":"https:\/\/api.w.org\/{rel}","templated":true}]}}