{"id":3302,"date":"2019-06-13T06:32:09","date_gmt":"2019-06-13T06:32:09","guid":{"rendered":"http:\/\/source.wpopal.com\/konstruktic\/?page_id=3302"},"modified":"2021-08-08T23:32:45","modified_gmt":"2021-08-08T23:32:45","slug":"certificates","status":"publish","type":"page","link":"https:\/\/quadrant.pl\/pl\/certificates\/","title":{"rendered":"Certyfikaty"},"content":{"rendered":"<div data-elementor-type=\"wp-post\" data-elementor-id=\"3302\" class=\"elementor elementor-3302\">\n\t\t\t\t\t\t<div class=\"elementor-inner\">\n\t\t\t\t<div class=\"elementor-section-wrap\">\n\t\t\t\t\t\t\t\t\t<section class=\"elementor-section elementor-top-section elementor-element elementor-element-3770ba1 elementor-section-boxed elementor-section-height-default elementor-section-height-default\" data-id=\"3770ba1\" data-element_type=\"section\">\n\t\t\t\t\t\t<div class=\"elementor-container elementor-column-gap-no\">\n\t\t\t\t\t\t\t<div class=\"elementor-row\">\n\t\t\t\t\t<div class=\"elementor-column elementor-col-100 elementor-top-column elementor-element elementor-element-31708fe\" data-id=\"31708fe\" data-element_type=\"column\">\n\t\t\t<div class=\"elementor-column-wrap elementor-element-populated\">\n\t\t\t\t\t\t\t<div class=\"elementor-widget-wrap\">\n\t\t\t\t\t\t<div class=\"elementor-element elementor-element-a1ecfd4 elementor-align-center animated-fast elementor-invisible elementor-widget elementor-widget-heading\" data-id=\"a1ecfd4\" data-element_type=\"widget\" data-settings=\"{&quot;_animation&quot;:&quot;opal-move-up&quot;}\" data-widget_type=\"heading.default\">\n\t\t\t\t<div class=\"elementor-widget-container\">\n\t\t\t<h2 class=\"elementor-heading-title elementor-size-default\">Dlaczego jeste\u015bmy najlepsi<\/h2>\t\t<\/div>\n\t\t\t\t<\/div>\n\t\t\t\t<div class=\"elementor-element elementor-element-e6aa0ce animated-fast elementor-invisible elementor-widget elementor-widget-text-editor\" data-id=\"e6aa0ce\" data-element_type=\"widget\" data-settings=\"{&quot;_animation&quot;:&quot;opal-move-up&quot;}\" data-widget_type=\"text-editor.default\">\n\t\t\t\t<div class=\"elementor-widget-container\">\n\t\t\t        <div class=\"elementor-text-editor elementor-clearfix\"><p>Robimy co w naszej mocy by dostarczy\u0107 wam mo\u017cliwie najlepsze rozwi\u0105zania i uzyska\u0107 pe\u0142na satysfakcj\u0119 klienta. Nasze umiej\u0119tno\u015bci potwierdzone s\u0105 wieloma certyfikatami i latami do\u015bwiadczenia.<\/p><\/div>\n        \t\t<\/div>\n\t\t\t\t<\/div>\n\t\t\t\t<div class=\"elementor-element elementor-element-8eb3959 animated-fast elementor-invisible elementor-widget elementor-widget-opal-featured-box\" data-id=\"8eb3959\" data-element_type=\"widget\" id=\"cert\" data-settings=\"{&quot;_animation&quot;:&quot;opal-move-up&quot;,&quot;columns&quot;:&quot;3&quot;,&quot;columns_tablet&quot;:&quot;2&quot;,&quot;columns_mobile&quot;:&quot;1&quot;}\" data-widget_type=\"opal-featured-box.default\">\n\t\t\t\t<div class=\"elementor-widget-container\">\n\t\t\t        <div class=\"elementor-featured-box-wrapper layout_4\">\n            <div class=\"row\" data-elementor-columns=\"3\" data-elementor-columns-tablet=\"2\" data-elementor-columns-mobile=\"1\">\n                                    <div class=\"elementor-featured-box-item column-item\">\n                                \n        \n        \n                    <div class=\"elementor-featured-box-meta-inner\">\n                <div class=\"elementor-featured-box-image\">\n                    <img src=\"https:\/\/quadrant.pl\/wp-content\/uploads\/2021\/08\/QUADRANT-MARINE-NR-4001-ISO-3834-EN-scaled.jpg\" title=\"QUADRANT MARINE NR 4001 ISO 3834 EN\" alt=\"QUADRANT MARINE NR 4001 ISO 3834 EN\" \/>                <\/div>\n                <div class=\"item-box\">\n                    <div class=\"elementor-featured-box-content\">\n                                                <div class=\"elementor-featured-box-name\"><a href=\"https:\/\/quadrant.pl\/wp-content\/uploads\/2019\/08\/QUADRANT_ISO3834_eng.png\">Zgodno\u015b\u0107 proces\u00f3w spawania z wymaganiami jako\u015bci w spawalnictwie<\/a><\/div>\n                        <div class=\"elementor-featured-box-button\"><a href=\"https:\/\/quadrant.pl\/wp-content\/uploads\/2019\/08\/QUADRANT_ISO3834_eng.png\"> <i class=\"opal-icon-long-arrow-right\" aria-hidden=\"true\"><\/i><\/a><\/div>\n\n                    <\/div>\n                <\/div>\n            <\/div>\n        \n        \n                            <\/div>\n                                    <div class=\"elementor-featured-box-item column-item\">\n                                \n        \n        \n                    <div class=\"elementor-featured-box-meta-inner\">\n                <div class=\"elementor-featured-box-image\">\n                    <img src=\"https:\/\/quadrant.pl\/wp-content\/uploads\/2021\/08\/Certificate-ISO-9001.jpg\" title=\"Certificate ISO 9001\" alt=\"Certificate ISO 9001\" \/>                <\/div>\n                <div class=\"item-box\">\n                    <div class=\"elementor-featured-box-content\">\n                                                <div class=\"elementor-featured-box-name\"><a href=\"https:\/\/quadrant.pl\/wp-content\/uploads\/2019\/07\/QUADRANT_ISO90012008_eng-1.png\">System Zarz\u0105dzania Jako\u015bci\u0105<\/a><\/div>\n                        <div class=\"elementor-featured-box-button\"><a href=\"https:\/\/quadrant.pl\/wp-content\/uploads\/2019\/07\/QUADRANT_ISO90012008_eng-1.png\"> <i class=\"opal-icon-long-arrow-right\" aria-hidden=\"true\"><\/i><\/a><\/div>\n\n                    <\/div>\n                <\/div>\n            <\/div>\n        \n        \n                            <\/div>\n                                    <div class=\"elementor-featured-box-item column-item\">\n                                \n        \n        \n                    <div class=\"elementor-featured-box-meta-inner\">\n                <div class=\"elementor-featured-box-image\">\n                    <img src=\"https:\/\/quadrant.pl\/wp-content\/uploads\/2021\/08\/QUADRANT-MARINE-NR-4002-ISO-1090-EN-scaled.jpg\" title=\"QUADRANT MARINE NR 4002 ISO 1090 EN\" alt=\"QUADRANT MARINE NR 4002 ISO 1090 EN\" \/>                <\/div>\n                <div class=\"item-box\">\n                    <div class=\"elementor-featured-box-content\">\n                                                <div class=\"elementor-featured-box-name\"><a href=\"https:\/\/quadrant.pl\/wp-content\/uploads\/2019\/08\/QUADRANT_ZKP1090_eng.png\">System Zak\u0142adowej Kontroli Produkcji<\/a><\/div>\n                        <div class=\"elementor-featured-box-button\"><a href=\"https:\/\/quadrant.pl\/wp-content\/uploads\/2019\/08\/QUADRANT_ZKP1090_eng.png\"> <i class=\"opal-icon-long-arrow-right\" aria-hidden=\"true\"><\/i><\/a><\/div>\n\n                    <\/div>\n                <\/div>\n            <\/div>\n        \n        \n                            <\/div>\n                            <\/div>\n        <\/div>\n        \t\t<\/div>\n\t\t\t\t<\/div>\n\t\t\t\t\t\t<\/div>\n\t\t\t\t\t<\/div>\n\t\t<\/div>\n\t\t\t\t\t\t\t\t<\/div>\n\t\t\t\t\t<\/div>\n\t\t<\/section>\n\t\t\t\t\t\t\t\t\t<\/div>\n\t\t\t<\/div>\n\t\t\t\t\t<\/div>","protected":false},"excerpt":{"rendered":"<p>Why we are the best We do our best to provide you with the best solutions and get client&#8217;s satisfaction. Our skills are verified with many cartificates and years of experience. Welding processes compliance with requirements of quality of welding Quality Management System Factory production control<\/p>","protected":false},"author":1,"featured_media":0,"parent":0,"menu_order":0,"comment_status":"closed","ping_status":"closed","template":"page-elementor.php","meta":{"inline_featured_image":false},"_links":{"self":[{"href":"https:\/\/quadrant.pl\/pl\/wp-json\/wp\/v2\/pages\/3302"}],"collection":[{"href":"https:\/\/quadrant.pl\/pl\/wp-json\/wp\/v2\/pages"}],"about":[{"href":"https:\/\/quadrant.pl\/pl\/wp-json\/wp\/v2\/types\/page"}],"author":[{"embeddable":true,"href":"https:\/\/quadrant.pl\/pl\/wp-json\/wp\/v2\/users\/1"}],"replies":[{"embeddable":true,"href":"https:\/\/quadrant.pl\/pl\/wp-json\/wp\/v2\/comments?post=3302"}],"version-history":[{"count":46,"href":"https:\/\/quadrant.pl\/pl\/wp-json\/wp\/v2\/pages\/3302\/revisions"}],"predecessor-version":[{"id":4678,"href":"https:\/\/quadrant.pl\/pl\/wp-json\/wp\/v2\/pages\/3302\/revisions\/4678"}],"wp:attachment":[{"href":"https:\/\/quadrant.pl\/pl\/wp-json\/wp\/v2\/media?parent=3302"}],"curies":[{"name":"wp","href":"https:\/\/api.w.org\/{rel}","templated":true}]}}