{"id":2419,"date":"2019-06-11T03:40:33","date_gmt":"2019-06-11T03:40:33","guid":{"rendered":"http:\/\/source.wpopal.com\/konstruktic\/?page_id=2419"},"modified":"2019-08-01T12:30:13","modified_gmt":"2019-08-01T12:30:13","slug":"about-us-2","status":"publish","type":"page","link":"https:\/\/quadrant.pl\/pl\/about-us-2\/","title":{"rendered":"O nas"},"content":{"rendered":"<div data-elementor-type=\"wp-post\" data-elementor-id=\"2419\" class=\"elementor elementor-2419\">\n\t\t\t\t\t\t<div class=\"elementor-inner\">\n\t\t\t\t<div class=\"elementor-section-wrap\">\n\t\t\t\t\t\t\t\t\t<section class=\"elementor-section elementor-top-section elementor-element elementor-element-5f6f9e48 opal-box-clip elementor-section-boxed elementor-section-height-default elementor-section-height-default\" data-id=\"5f6f9e48\" data-element_type=\"section\" data-settings=\"{&quot;background_background&quot;:&quot;classic&quot;}\">\n\t\t\t\t\t\t<div class=\"elementor-container elementor-column-gap-no\">\n\t\t\t\t\t\t\t<div class=\"elementor-row\">\n\t\t\t\t\t<div class=\"elementor-column elementor-col-100 elementor-top-column elementor-element elementor-element-677f9fb4\" data-id=\"677f9fb4\" data-element_type=\"column\">\n\t\t\t<div class=\"elementor-column-wrap elementor-element-populated\">\n\t\t\t\t\t\t\t<div class=\"elementor-widget-wrap\">\n\t\t\t\t\t\t<div class=\"elementor-element elementor-element-2ee6f2d7 animated-fast elementor-invisible elementor-widget elementor-widget-heading\" data-id=\"2ee6f2d7\" data-element_type=\"widget\" data-settings=\"{&quot;_animation&quot;:&quot;opal-move-up&quot;}\" data-widget_type=\"heading.default\">\n\t\t\t\t<div class=\"elementor-widget-container\">\n\t\t\t<span class=\"sub-title\">O nas<\/span><h2 class=\"elementor-heading-title elementor-size-default\">Quadrant Marine jest sp\u00f3\u0142k\u0105 z ograniczon\u0105 odpowiedzialno\u015bci\u0105 zarejestrowan\u0105 w Krajowym Rejestrze S\u0105dowym pod numerem 0000270101.<\/h2>\t\t<\/div>\n\t\t\t\t<\/div>\n\t\t\t\t<section class=\"elementor-section elementor-inner-section elementor-element elementor-element-587deb9e elementor-section-boxed elementor-section-height-default elementor-section-height-default\" data-id=\"587deb9e\" data-element_type=\"section\">\n\t\t\t\t\t\t<div class=\"elementor-container elementor-column-gap-no\">\n\t\t\t\t\t\t\t<div class=\"elementor-row\">\n\t\t\t\t\t<div class=\"elementor-column elementor-col-50 elementor-inner-column elementor-element elementor-element-2c6bef47 animated-fast elementor-invisible\" data-id=\"2c6bef47\" data-element_type=\"column\" data-settings=\"{&quot;animation&quot;:&quot;opal-move-up&quot;}\">\n\t\t\t<div class=\"elementor-column-wrap elementor-element-populated\">\n\t\t\t\t\t\t\t<div class=\"elementor-widget-wrap\">\n\t\t\t\t\t\t<div class=\"elementor-element elementor-element-4ade4f6a elementor-widget elementor-widget-text-editor\" data-id=\"4ade4f6a\" data-element_type=\"widget\" data-widget_type=\"text-editor.default\">\n\t\t\t\t<div class=\"elementor-widget-container\">\n\t\t\t        <div class=\"elementor-text-editor elementor-clearfix\"><p>Zakres dzia\u0142alno\u015bci firmy obejmuje zar\u00f3wno remonty, serwis, przebudow\u0119 statk\u00f3w jak i budow\u0119 nowych jednostek w kraju i za granic\u0105.<br \/><br \/>Ponad to oferujemy us\u0142ugi w zakresie budowy konstrukcji stalowych nie zwi\u0105zanych z przemys\u0142em morskim.<br \/><br \/>Zapewniamy wysoko wykwalifikowan\u0105 kadr\u0119 polskiej i rumu\u0144skiej narodowo\u015bci na stanowiskach:<br \/>\u00a0\u00a0\u2022 spawaczy<br \/>\u00a0\u00a0\u2022 monter\u00f3w konstrukcji stalowych<br \/>\u00a0\u00a0\u2022 monter\u00f3w kad\u0142ub\u00f3w oraz ruroci\u0105g\u00f3w<br \/>\u00a0\u00a0\u2022 monter\u00f3w maszyn i urz\u0105dze\u0144 okr\u0119towych<br \/>\u00a0\u00a0\u2022 elektromonter\u00f3w<br \/>\u00a0\u00a0\u2022 malarzy, piaskarzy<br \/>\u00a0\u00a0\u2022 cie\u015bli, stolarzy okr\u0119towych<br \/>\u00a0\u00a0\u2022 kliner\u00f3w<br \/><br \/>Dysponujemy r\u00f3wnie\u017c mobilnymi grupami remontowymi \u015bwiadcz\u0105cymi us\u0142ugi w mi\u0119dzyrejsach oraz portach na ca\u0142ym \u015bwiecie.<br \/>W naszej dzia\u0142alno\u015bci szczeg\u00f3lny nacisk k\u0142adziemy na fachowo\u015b\u0107, terminowo\u015b\u0107 oraz wysok\u0105 jako\u015b\u0107 wykonywanych us\u0142ug.<\/p><\/div>\n        \t\t<\/div>\n\t\t\t\t<\/div>\n\t\t\t\t\t\t<\/div>\n\t\t\t\t\t<\/div>\n\t\t<\/div>\n\t\t\t\t<div class=\"elementor-column elementor-col-50 elementor-inner-column elementor-element elementor-element-6d2274fd col-animated\" data-id=\"6d2274fd\" data-element_type=\"column\">\n\t\t\t<div class=\"elementor-column-wrap elementor-element-populated\">\n\t\t\t\t\t\t\t<div class=\"elementor-widget-wrap\">\n\t\t\t\t\t\t<div class=\"elementor-element elementor-element-7f7b9f33 elementor-widget elementor-widget-image\" data-id=\"7f7b9f33\" data-element_type=\"widget\" data-widget_type=\"image.default\">\n\t\t\t\t<div class=\"elementor-widget-container\">\n\t\t\t\t\t\t\t\t<div class=\"elementor-image\">\n\t\t\t\t\t\t\t\t\t\t\t\t<img width=\"520\" height=\"330\" src=\"https:\/\/quadrant.pl\/wp-content\/uploads\/2019\/06\/bn-1.jpg\" class=\"attachment-full size-full\" alt=\"\" loading=\"lazy\" srcset=\"https:\/\/quadrant.pl\/wp-content\/uploads\/2019\/06\/bn-1.jpg 520w, https:\/\/quadrant.pl\/wp-content\/uploads\/2019\/06\/bn-1-300x190.jpg 300w\" sizes=\"(max-width: 520px) 100vw, 520px\" \/>\t\t\t\t\t\t\t\t\t\t\t\t\t\t<\/div>\n\t\t\t\t\t\t<\/div>\n\t\t\t\t<\/div>\n\t\t\t\t\t\t<\/div>\n\t\t\t\t\t<\/div>\n\t\t<\/div>\n\t\t\t\t\t\t\t\t<\/div>\n\t\t\t\t\t<\/div>\n\t\t<\/section>\n\t\t\t\t\t\t<\/div>\n\t\t\t\t\t<\/div>\n\t\t<\/div>\n\t\t\t\t\t\t\t\t<\/div>\n\t\t\t\t\t<\/div>\n\t\t<\/section>\n\t\t\t\t<section class=\"elementor-section elementor-top-section elementor-element elementor-element-2b2f2c13 elementor-section-stretched elementor-section-height-min-height osf-vertical-line-active elementor-section-boxed elementor-section-height-default elementor-section-items-middle\" data-id=\"2b2f2c13\" data-element_type=\"section\" data-settings=\"{&quot;stretch_section&quot;:&quot;section-stretched&quot;,&quot;osf_section_vertical_line_switcher&quot;:&quot;active&quot;,&quot;background_background&quot;:&quot;classic&quot;}\">\n\t\t\t\t\t\t<div class=\"elementor-container elementor-column-gap-no\">\n\t\t\t\t\t\t\t<div class=\"elementor-row\">\n\t\t\t\t\t<div class=\"elementor-column elementor-col-100 elementor-top-column elementor-element elementor-element-54b04900\" data-id=\"54b04900\" data-element_type=\"column\">\n\t\t\t<div class=\"elementor-column-wrap elementor-element-populated\">\n\t\t\t\t\t\t\t<div class=\"elementor-widget-wrap\">\n\t\t\t\t\t\t<div class=\"elementor-element elementor-element-40d28f7a animated-fast elementor-invisible elementor-widget elementor-widget-heading\" data-id=\"40d28f7a\" data-element_type=\"widget\" data-settings=\"{&quot;_animation&quot;:&quot;opal-move-up&quot;}\" data-widget_type=\"heading.default\">\n\t\t\t\t<div class=\"elementor-widget-container\">\n\t\t\t<span class=\"sub-title\">Dowiedz si\u0119 wi\u0119cej<\/span><h2 class=\"elementor-heading-title elementor-size-default\">Porozmawiaj z naszymi ekspertami<\/h2>\t\t<\/div>\n\t\t\t\t<\/div>\n\t\t\t\t<div class=\"elementor-element elementor-element-af56203 animated-fast elementor-invisible elementor-widget elementor-widget-text-editor\" data-id=\"af56203\" data-element_type=\"widget\" data-settings=\"{&quot;_animation&quot;:&quot;opal-move-up&quot;}\" data-widget_type=\"text-editor.default\">\n\t\t\t\t<div class=\"elementor-widget-container\">\n\t\t\t        <div class=\"elementor-text-editor elementor-clearfix\"><p>Mamy za soba lata do\u015bwiadczenia i wiele projekt\u00f3w. \u015awiadczymy us\u0142ugi w mi\u0119dzyrejsach oraz portach na ca\u0142ym \u015bwiecie.\nRazem mo\u017cemy rozwi\u0105za\u0107 ka\u017cdy problem.<\/p><\/div>\n        \t\t<\/div>\n\t\t\t\t<\/div>\n\t\t\t\t<div class=\"elementor-element elementor-element-69592a6e animated-fast elementor-button-primary elementor-invisible elementor-widget elementor-widget-button\" data-id=\"69592a6e\" data-element_type=\"widget\" data-settings=\"{&quot;_animation&quot;:&quot;opal-move-up&quot;}\" data-widget_type=\"button.default\">\n\t\t\t\t<div class=\"elementor-widget-container\">\n\t\t\t        <div class=\"elementor-button-wrapper\">\n            <a href=\"https:\/\/quadrant.pl\/pl\/contact\/\" class=\"elementor-button-link elementor-button elementor-size-md\" role=\"button\">\n                \t\t<span class=\"elementor-button-content-wrapper\">\n\t\t\t\t\t\t\t<span class=\"elementor-button-icon elementor-align-icon-right\">\n\t\t\t\t\t\t\t\t\t<i class=\"opal-icon-long-arrow-right\" aria-hidden=\"true\"><\/i>\n\t\t\t\t\t\t\t<\/span>\n\t\t\t\t\t\t<span class=\"elementor-button-text\">Skontaktuj si\u0119<\/span>\n\t\t<\/span>\n\t\t            <\/a>\n        <\/div>\n        \t\t<\/div>\n\t\t\t\t<\/div>\n\t\t\t\t\t\t<\/div>\n\t\t\t\t\t<\/div>\n\t\t<\/div>\n\t\t\t\t\t\t\t\t<\/div>\n\t\t\t\t\t<\/div>\n\t\t<\/section>\n\t\t\t\t<section class=\"elementor-section elementor-top-section elementor-element elementor-element-ca7a525 elementor-section-boxed elementor-section-height-default elementor-section-height-default\" data-id=\"ca7a525\" data-element_type=\"section\">\n\t\t\t\t\t\t<div class=\"elementor-container elementor-column-gap-default\">\n\t\t\t\t\t\t\t<div class=\"elementor-row\">\n\t\t\t\t\t<div class=\"elementor-column elementor-col-100 elementor-top-column elementor-element elementor-element-f266daa\" data-id=\"f266daa\" data-element_type=\"column\">\n\t\t\t<div class=\"elementor-column-wrap elementor-element-populated\">\n\t\t\t\t\t\t\t<div class=\"elementor-widget-wrap\">\n\t\t\t\t\t\t<div class=\"elementor-element elementor-element-6ce668a elementor-widget elementor-widget-spacer\" data-id=\"6ce668a\" data-element_type=\"widget\" data-widget_type=\"spacer.default\">\n\t\t\t\t<div class=\"elementor-widget-container\">\n\t\t\t        <div class=\"elementor-spacer\">\n            <div class=\"elementor-spacer-inner\"><\/div>\n        <\/div>\n\t\t\t\t<\/div>\n\t\t\t\t<\/div>\n\t\t\t\t\t\t<\/div>\n\t\t\t\t\t<\/div>\n\t\t<\/div>\n\t\t\t\t\t\t\t\t<\/div>\n\t\t\t\t\t<\/div>\n\t\t<\/section>\n\t\t\t\t\t\t\t\t\t<\/div>\n\t\t\t<\/div>\n\t\t\t\t\t<\/div>","protected":false},"excerpt":{"rendered":"<p>About us Quadrant Marine is a Limited Liability Company registered under no. 0000270101 in the Register of Enterprises in Gdansk. Our main activity is connected with the maritime industry e.g. vessel repairs and conversions as well as newbuildings. We also offer services in the range of building steel constructions not involved with the maritime industry. &hellip; <\/p>\n<p class=\"link-more\"><a href=\"https:\/\/quadrant.pl\/pl\/about-us-2\/\" class=\"more-link\">Read More <i class=\"opal-icon-long-arrow-right\"><\/i><span class=\"screen-reader-text\"> &#8220;About us&#8221;<\/span><\/a><\/p>","protected":false},"author":1,"featured_media":0,"parent":0,"menu_order":0,"comment_status":"closed","ping_status":"closed","template":"page-elementor.php","meta":{"inline_featured_image":false},"_links":{"self":[{"href":"https:\/\/quadrant.pl\/pl\/wp-json\/wp\/v2\/pages\/2419"}],"collection":[{"href":"https:\/\/quadrant.pl\/pl\/wp-json\/wp\/v2\/pages"}],"about":[{"href":"https:\/\/quadrant.pl\/pl\/wp-json\/wp\/v2\/types\/page"}],"author":[{"embeddable":true,"href":"https:\/\/quadrant.pl\/pl\/wp-json\/wp\/v2\/users\/1"}],"replies":[{"embeddable":true,"href":"https:\/\/quadrant.pl\/pl\/wp-json\/wp\/v2\/comments?post=2419"}],"version-history":[{"count":7,"href":"https:\/\/quadrant.pl\/pl\/wp-json\/wp\/v2\/pages\/2419\/revisions"}],"predecessor-version":[{"id":4415,"href":"https:\/\/quadrant.pl\/pl\/wp-json\/wp\/v2\/pages\/2419\/revisions\/4415"}],"wp:attachment":[{"href":"https:\/\/quadrant.pl\/pl\/wp-json\/wp\/v2\/media?parent=2419"}],"curies":[{"name":"wp","href":"https:\/\/api.w.org\/{rel}","templated":true}]}}